{"id":3618,"date":"2024-07-12T18:06:36","date_gmt":"2024-07-12T17:06:36","guid":{"rendered":"https:\/\/promenadedesartistes.be\/?page_id=3618"},"modified":"2024-09-25T14:30:28","modified_gmt":"2024-09-25T13:30:28","slug":"__trashed","status":"publish","type":"page","link":"https:\/\/promenadedesartistes.be\/?page_id=3618","title":{"rendered":"Concours Photos"},"content":{"rendered":"\n<p>Le concours a pour objectif de mettre en avant la vision des photographes qui visiteront les diff\u00e9rents lieux et participeront aux diff\u00e9rents \u00e9v\u00e9nements de la PdA.<br>Les organisateurs de la Pda sont, durant toute la dur\u00e9e de l\u2019\u00e9v\u00e9nement, accapar\u00e9s par la gestion de cet \u00e9v\u00e9nement et donc, la participation des photographes \u00e0 ce concours les aideront \u00e9norm\u00e9ment \u00e0 la promotion des PdA \u00e0 venir et permettront aux photographes de pr\u00e9senter leur talent dans un exercice pas simple de prise de vue lors d\u2019un \u00e9v\u00e9nement culturel.<\/p>\n\n\n\n<p><strong>Merci aux ind\u00e9pendants et artisans de Chastre pour leur soutien au Concours de la Promenade de Chastre .<\/strong><\/p>\n\n\n\n<figure class=\"wp-block-gallery has-nested-images columns-default is-cropped wp-block-gallery-1 is-layout-flex wp-block-gallery-is-layout-flex\">\n<figure class=\"wp-block-image size-large\"><a href=\"https:\/\/adventures-art.be\/\" target=\"_blank\" rel=\"noreferrer noopener\"><img loading=\"lazy\" decoding=\"async\" width=\"792\" height=\"794\" data-id=\"4278\" src=\"https:\/\/promenadedesartistes.be\/wp-content\/uploads\/2024\/09\/Carre-ADV.png\" alt=\"\" class=\"wp-image-4278\" srcset=\"https:\/\/promenadedesartistes.be\/wp-content\/uploads\/2024\/09\/Carre-ADV.png 792w, https:\/\/promenadedesartistes.be\/wp-content\/uploads\/2024\/09\/Carre-ADV-620x622.png 620w, https:\/\/promenadedesartistes.be\/wp-content\/uploads\/2024\/09\/Carre-ADV-53x53.png 53w, https:\/\/promenadedesartistes.be\/wp-content\/uploads\/2024\/09\/Carre-ADV-768x770.png 768w, https:\/\/promenadedesartistes.be\/wp-content\/uploads\/2024\/09\/Carre-ADV-120x120.png 120w\" sizes=\"auto, (max-width: 792px) 100vw, 792px\" \/><\/a><\/figure>\n\n\n\n<figure class=\"wp-block-image size-large\"><a href=\"https:\/\/www.kimverbeke.com\/\" target=\"_blank\" rel=\"noreferrer noopener\"><img loading=\"lazy\" decoding=\"async\" width=\"594\" height=\"592\" data-id=\"4275\" src=\"https:\/\/promenadedesartistes.be\/wp-content\/uploads\/2024\/09\/Carre-Kim.png\" alt=\"\" class=\"wp-image-4275\" srcset=\"https:\/\/promenadedesartistes.be\/wp-content\/uploads\/2024\/09\/Carre-Kim.png 594w, https:\/\/promenadedesartistes.be\/wp-content\/uploads\/2024\/09\/Carre-Kim-53x53.png 53w, https:\/\/promenadedesartistes.be\/wp-content\/uploads\/2024\/09\/Carre-Kim-120x120.png 120w\" sizes=\"auto, (max-width: 594px) 100vw, 594px\" \/><\/a><\/figure>\n\n\n\n<figure class=\"wp-block-image size-large\"><a href=\"https:\/\/www.facebook.com\/porcsurpaille\/?locale=fr_FR\" target=\"_blank\" rel=\"noreferrer noopener\"><img loading=\"lazy\" decoding=\"async\" width=\"708\" height=\"700\" data-id=\"4277\" src=\"https:\/\/promenadedesartistes.be\/wp-content\/uploads\/2024\/09\/Carre-porc.png\" alt=\"\" class=\"wp-image-4277\" srcset=\"https:\/\/promenadedesartistes.be\/wp-content\/uploads\/2024\/09\/Carre-porc.png 708w, https:\/\/promenadedesartistes.be\/wp-content\/uploads\/2024\/09\/Carre-porc-620x613.png 620w, https:\/\/promenadedesartistes.be\/wp-content\/uploads\/2024\/09\/Carre-porc-53x53.png 53w, https:\/\/promenadedesartistes.be\/wp-content\/uploads\/2024\/09\/Carre-porc-120x120.png 120w\" sizes=\"auto, (max-width: 708px) 100vw, 708px\" \/><\/a><\/figure>\n<\/figure>\n\n\n\n<figure class=\"wp-block-gallery has-nested-images columns-default is-cropped wp-block-gallery-2 is-layout-flex wp-block-gallery-is-layout-flex\">\n<figure class=\"wp-block-image size-large\"><img loading=\"lazy\" decoding=\"async\" width=\"940\" height=\"940\" data-id=\"4291\" src=\"https:\/\/promenadedesartistes.be\/wp-content\/uploads\/2024\/09\/carre-do-leontine-copie-940x940.png\" alt=\"\" class=\"wp-image-4291\" srcset=\"https:\/\/promenadedesartistes.be\/wp-content\/uploads\/2024\/09\/carre-do-leontine-copie-940x940.png 940w, https:\/\/promenadedesartistes.be\/wp-content\/uploads\/2024\/09\/carre-do-leontine-copie-620x620.png 620w, https:\/\/promenadedesartistes.be\/wp-content\/uploads\/2024\/09\/carre-do-leontine-copie-53x53.png 53w, https:\/\/promenadedesartistes.be\/wp-content\/uploads\/2024\/09\/carre-do-leontine-copie-768x768.png 768w, https:\/\/promenadedesartistes.be\/wp-content\/uploads\/2024\/09\/carre-do-leontine-copie-1536x1536.png 1536w, https:\/\/promenadedesartistes.be\/wp-content\/uploads\/2024\/09\/carre-do-leontine-copie-2048x2048.png 2048w, https:\/\/promenadedesartistes.be\/wp-content\/uploads\/2024\/09\/carre-do-leontine-copie-120x120.png 120w\" sizes=\"auto, (max-width: 940px) 100vw, 940px\" \/><\/figure>\n\n\n\n<figure class=\"wp-block-image size-large\"><a href=\"https:\/\/www.domainedespossibles.be\/\" target=\"_blank\" rel=\"noreferrer noopener\"><img loading=\"lazy\" decoding=\"async\" width=\"772\" height=\"762\" data-id=\"4288\" src=\"https:\/\/promenadedesartistes.be\/wp-content\/uploads\/2024\/09\/Carre-Domaine-3.png\" alt=\"\" class=\"wp-image-4288\" srcset=\"https:\/\/promenadedesartistes.be\/wp-content\/uploads\/2024\/09\/Carre-Domaine-3.png 772w, https:\/\/promenadedesartistes.be\/wp-content\/uploads\/2024\/09\/Carre-Domaine-3-620x612.png 620w, https:\/\/promenadedesartistes.be\/wp-content\/uploads\/2024\/09\/Carre-Domaine-3-53x53.png 53w, https:\/\/promenadedesartistes.be\/wp-content\/uploads\/2024\/09\/Carre-Domaine-3-768x758.png 768w\" sizes=\"auto, (max-width: 772px) 100vw, 772px\" \/><\/a><\/figure>\n\n\n\n<figure class=\"wp-block-image size-large\"><a href=\"https:\/\/www.facebook.com\/profile.php?id=61561162767625\" target=\"_blank\" rel=\"noreferrer noopener\"><img loading=\"lazy\" decoding=\"async\" width=\"940\" height=\"941\" data-id=\"4298\" src=\"https:\/\/promenadedesartistes.be\/wp-content\/uploads\/2024\/09\/Carre-sous-les-saules-940x941.png\" alt=\"\" class=\"wp-image-4298\" srcset=\"https:\/\/promenadedesartistes.be\/wp-content\/uploads\/2024\/09\/Carre-sous-les-saules-940x941.png 940w, https:\/\/promenadedesartistes.be\/wp-content\/uploads\/2024\/09\/Carre-sous-les-saules-620x621.png 620w, https:\/\/promenadedesartistes.be\/wp-content\/uploads\/2024\/09\/Carre-sous-les-saules-53x53.png 53w, https:\/\/promenadedesartistes.be\/wp-content\/uploads\/2024\/09\/Carre-sous-les-saules-768x769.png 768w, https:\/\/promenadedesartistes.be\/wp-content\/uploads\/2024\/09\/Carre-sous-les-saules-1534x1536.png 1534w, https:\/\/promenadedesartistes.be\/wp-content\/uploads\/2024\/09\/Carre-sous-les-saules-120x120.png 120w, https:\/\/promenadedesartistes.be\/wp-content\/uploads\/2024\/09\/Carre-sous-les-saules.png 1626w\" sizes=\"auto, (max-width: 940px) 100vw, 940px\" \/><\/a><\/figure>\n<\/figure>\n\n\n\n<div class=\"wp-block-columns is-layout-flex wp-container-core-columns-is-layout-9d6595d7 wp-block-columns-is-layout-flex\">\n<div class=\"wp-block-column is-layout-flow wp-block-column-is-layout-flow\" style=\"flex-basis:100%\">\n<figure class=\"wp-block-gallery has-nested-images columns-default is-cropped wp-block-gallery-3 is-layout-flex wp-block-gallery-is-layout-flex\">\n<figure class=\"wp-block-image size-large\"><a href=\"https:\/\/delforgefreres.be\/\" target=\"_blank\" rel=\"noreferrer noopener\"><img loading=\"lazy\" decoding=\"async\" width=\"710\" height=\"708\" data-id=\"4265\" src=\"https:\/\/promenadedesartistes.be\/wp-content\/uploads\/2024\/09\/Carre-delforge.png\" alt=\"\" class=\"wp-image-4265\" srcset=\"https:\/\/promenadedesartistes.be\/wp-content\/uploads\/2024\/09\/Carre-delforge.png 710w, https:\/\/promenadedesartistes.be\/wp-content\/uploads\/2024\/09\/Carre-delforge-620x618.png 620w, https:\/\/promenadedesartistes.be\/wp-content\/uploads\/2024\/09\/Carre-delforge-53x53.png 53w, https:\/\/promenadedesartistes.be\/wp-content\/uploads\/2024\/09\/Carre-delforge-120x120.png 120w\" sizes=\"auto, (max-width: 710px) 100vw, 710px\" \/><\/a><\/figure>\n\n\n\n<figure class=\"wp-block-image size-large\"><a href=\"https:\/\/www.facebook.com\/emmAromNaturalCosmetics\/\" target=\"_blank\" rel=\"noreferrer noopener\"><img loading=\"lazy\" decoding=\"async\" width=\"940\" height=\"942\" data-id=\"4274\" src=\"https:\/\/promenadedesartistes.be\/wp-content\/uploads\/2024\/09\/Carre-emma-940x942.png\" alt=\"\" class=\"wp-image-4274\" srcset=\"https:\/\/promenadedesartistes.be\/wp-content\/uploads\/2024\/09\/Carre-emma-940x942.png 940w, https:\/\/promenadedesartistes.be\/wp-content\/uploads\/2024\/09\/Carre-emma-620x621.png 620w, https:\/\/promenadedesartistes.be\/wp-content\/uploads\/2024\/09\/Carre-emma-53x53.png 53w, https:\/\/promenadedesartistes.be\/wp-content\/uploads\/2024\/09\/Carre-emma-768x769.png 768w, https:\/\/promenadedesartistes.be\/wp-content\/uploads\/2024\/09\/Carre-emma-120x120.png 120w, https:\/\/promenadedesartistes.be\/wp-content\/uploads\/2024\/09\/Carre-emma.png 1128w\" sizes=\"auto, (max-width: 940px) 100vw, 940px\" \/><\/a><\/figure>\n\n\n\n<figure class=\"wp-block-image size-full\"><img loading=\"lazy\" decoding=\"async\" width=\"712\" height=\"710\" data-id=\"4293\" src=\"https:\/\/promenadedesartistes.be\/wp-content\/uploads\/2024\/09\/Carre-Maes-1.png\" alt=\"\" class=\"wp-image-4293\" srcset=\"https:\/\/promenadedesartistes.be\/wp-content\/uploads\/2024\/09\/Carre-Maes-1.png 712w, https:\/\/promenadedesartistes.be\/wp-content\/uploads\/2024\/09\/Carre-Maes-1-620x618.png 620w, https:\/\/promenadedesartistes.be\/wp-content\/uploads\/2024\/09\/Carre-Maes-1-53x53.png 53w, https:\/\/promenadedesartistes.be\/wp-content\/uploads\/2024\/09\/Carre-Maes-1-120x120.png 120w\" sizes=\"auto, (max-width: 712px) 100vw, 712px\" \/><\/figure>\n\n\n\n<figure class=\"wp-block-image size-large\"><a href=\"https:\/\/pharmacie-dechastre.clicandcollect.santalis.be\/\" target=\"_blank\" rel=\"noreferrer noopener\"><img loading=\"lazy\" decoding=\"async\" width=\"708\" height=\"704\" data-id=\"4266\" src=\"https:\/\/promenadedesartistes.be\/wp-content\/uploads\/2024\/09\/Carre-pharmacie.png\" alt=\"\" class=\"wp-image-4266\" srcset=\"https:\/\/promenadedesartistes.be\/wp-content\/uploads\/2024\/09\/Carre-pharmacie.png 708w, https:\/\/promenadedesartistes.be\/wp-content\/uploads\/2024\/09\/Carre-pharmacie-620x616.png 620w, https:\/\/promenadedesartistes.be\/wp-content\/uploads\/2024\/09\/Carre-pharmacie-53x53.png 53w, https:\/\/promenadedesartistes.be\/wp-content\/uploads\/2024\/09\/Carre-pharmacie-120x120.png 120w\" sizes=\"auto, (max-width: 708px) 100vw, 708px\" \/><\/a><\/figure>\n\n\n\n<figure class=\"wp-block-image size-full\"><img loading=\"lazy\" decoding=\"async\" width=\"906\" height=\"880\" data-id=\"4292\" src=\"https:\/\/promenadedesartistes.be\/wp-content\/uploads\/2024\/09\/Carre-jardin-vincent-1.png\" alt=\"\" class=\"wp-image-4292\" srcset=\"https:\/\/promenadedesartistes.be\/wp-content\/uploads\/2024\/09\/Carre-jardin-vincent-1.png 906w, https:\/\/promenadedesartistes.be\/wp-content\/uploads\/2024\/09\/Carre-jardin-vincent-1-620x602.png 620w, https:\/\/promenadedesartistes.be\/wp-content\/uploads\/2024\/09\/Carre-jardin-vincent-1-768x746.png 768w\" sizes=\"auto, (max-width: 906px) 100vw, 906px\" \/><\/figure>\n\n\n\n<figure class=\"wp-block-image size-large\"><a href=\"https:\/\/www.facebook.com\/GarageDes4Bras\/?locale=fr_FR\" target=\"_blank\" rel=\"noreferrer noopener\"><img loading=\"lazy\" decoding=\"async\" width=\"568\" height=\"566\" data-id=\"4255\" src=\"https:\/\/promenadedesartistes.be\/wp-content\/uploads\/2024\/09\/09-Garage-des-4-bras-1.png\" alt=\"\" class=\"wp-image-4255\" srcset=\"https:\/\/promenadedesartistes.be\/wp-content\/uploads\/2024\/09\/09-Garage-des-4-bras-1.png 568w, https:\/\/promenadedesartistes.be\/wp-content\/uploads\/2024\/09\/09-Garage-des-4-bras-1-53x53.png 53w, https:\/\/promenadedesartistes.be\/wp-content\/uploads\/2024\/09\/09-Garage-des-4-bras-1-120x120.png 120w\" sizes=\"auto, (max-width: 568px) 100vw, 568px\" \/><\/a><\/figure>\n<\/figure>\n<\/div>\n<\/div>\n\n\n\n<p><a href=\"https:\/\/promenadedesartistes.be\/?page_id=3806\">Consulter le r\u00e8glement <\/a><\/p>\n\n\n\n<p><strong>Trop tard  pour soumettre vos photos<\/strong> &#8230;  La fin du concours \u00e9tait le dimanche 29 septembre \u00e0 23h59<br><\/p>\n\n\n\n<iframe loading=\"lazy\" class=\"iframe-contest\" src=\"https:\/\/promenadedesartistes.be\/contest2024\/contest_registration.php?language=fr\" width=\"100%\" height=\"1000\" frameborder=\"0\" scrolling=\"auto\"><\/iframe>\n","protected":false},"excerpt":{"rendered":"<p>Le concours a pour objectif de mettre en avant la vision des photographes qui visiteront&#8230;<\/p>\n","protected":false},"author":1,"featured_media":0,"parent":0,"menu_order":0,"comment_status":"closed","ping_status":"closed","template":"","meta":{"footnotes":""},"class_list":["post-3618","page","type-page","status-publish","hentry"],"_links":{"self":[{"href":"https:\/\/promenadedesartistes.be\/index.php?rest_route=\/wp\/v2\/pages\/3618","targetHints":{"allow":["GET"]}}],"collection":[{"href":"https:\/\/promenadedesartistes.be\/index.php?rest_route=\/wp\/v2\/pages"}],"about":[{"href":"https:\/\/promenadedesartistes.be\/index.php?rest_route=\/wp\/v2\/types\/page"}],"author":[{"embeddable":true,"href":"https:\/\/promenadedesartistes.be\/index.php?rest_route=\/wp\/v2\/users\/1"}],"replies":[{"embeddable":true,"href":"https:\/\/promenadedesartistes.be\/index.php?rest_route=%2Fwp%2Fv2%2Fcomments&post=3618"}],"version-history":[{"count":19,"href":"https:\/\/promenadedesartistes.be\/index.php?rest_route=\/wp\/v2\/pages\/3618\/revisions"}],"predecessor-version":[{"id":4299,"href":"https:\/\/promenadedesartistes.be\/index.php?rest_route=\/wp\/v2\/pages\/3618\/revisions\/4299"}],"wp:attachment":[{"href":"https:\/\/promenadedesartistes.be\/index.php?rest_route=%2Fwp%2Fv2%2Fmedia&parent=3618"}],"curies":[{"name":"wp","href":"https:\/\/api.w.org\/{rel}","templated":true}]}}