{"id":3806,"date":"2024-07-29T09:55:06","date_gmt":"2024-07-29T08:55:06","guid":{"rendered":"https:\/\/promenadedesartistes.be\/?page_id=3806"},"modified":"2024-08-20T15:59:43","modified_gmt":"2024-08-20T14:59:43","slug":"concours-photo-le-reglement","status":"publish","type":"page","link":"https:\/\/promenadedesartistes.be\/?page_id=3806","title":{"rendered":"Concours Photo : le r\u00e8glement"},"content":{"rendered":"\n<p><strong>La PdA et la motivation du concours.<br><\/strong>La Promenade des Artistes de Chastre est organis\u00e9e par l\u2019ASBL \u00abMusique et Culture en Roman Pa\u00efs \u00bb. La PdA a lieu tous les deux ans depuis 1990 dans les sept villages de Chastre. Elle pr\u00e9sente plus de 150 d\u2019artistes locaux et invit\u00e9s dans plus de 45 lieux principalement chez des particuliers qui leur ouvrent gracieusement leur porte.<br>Le concours a pour objectif de mettre en avant la vision des photographes qui visiteront les diff\u00e9rents lieux et participeront aux diff\u00e9rents \u00e9v\u00e9nements de la PdA.<br>Les organisateurs de la Pda sont, durant toute la dur\u00e9e de l\u2019\u00e9v\u00e9nement, accapar\u00e9s par la gestion de cet \u00e9v\u00e9nement et donc, la participation des photographes \u00e0 ce concours les aideront \u00e9norm\u00e9ment \u00e0 la promotion des PdA \u00e0 venir et permettront aux photographes de pr\u00e9senter leur talent dans un exercice pas simple de prise de vue lors d\u2019un \u00e9v\u00e9nement culturel.<\/p>\n\n\n\n<p><strong>Article 1<br><\/strong>Dans le cadre de la PdA de Chastre 2024, l\u2019ASBL Musique et Culture en Roman Pays organise un concours photo qui donnera lieu \u00e0 une exposition (au Domaine des Possibles).<\/p>\n\n\n\n<p><strong>Article 2<br><\/strong>Les photos retenues seront celles prises lors des expositions, des \u00e9v\u00e9nements qui concernent directement la PdA 2024. Par cons\u00e9quent, aucune photo ne pourra \u00eatre charg\u00e9e avant le 7 septembre 2024. <br>Les r\u00e9glages num\u00e9riques, tels que l\u2019ajustement du ton, du contraste, l\u2019\u00e9claircissement, l\u2019assombrissement, le recadrage, le renforcement de la nettet\u00e9, la r\u00e9duction du bruit, les nettoyages mineurs, le HDR, l\u2019assemblage panoramique, les superpositions, sont autoris\u00e9s et doivent \u00eatre signal\u00e9s dans la l\u00e9gende de l\u2019image.<br>Les images pour lesquelles les informations techniques ne sont pas ou trop peu fournies peuvent \u00eatre \u00e9cart\u00e9es par le jury.<br>Ces r\u00e9glages ne doivent pas tromper le spectateur ni donner une fausse image des r\u00e9alit\u00e9s. Les images r\u00e9alis\u00e9es partiellement ou enti\u00e8rement \u00e0 l\u2019aide de logiciel d\u2019intelligence artificielle (IA) est strictement interdite.<\/p>\n\n\n\n<p><strong>Article 3<\/strong><br>Le concours est ouvert \u00e0 tous les photographes, amateurs et professionnels \u0153uvrant de mani\u00e8re argentique ou num\u00e9rique.<br>Sont exclus : les organisateurs du concours et les membres du jury.<\/p>\n\n\n\n<p><strong>Article 5<\/strong><br>La participation au concours est gratuite.<\/p>\n\n\n\n<p><strong>Article 6<\/strong><br>Les participants garantissent qu\u2019ils sont titulaires des droits d\u2019auteurs des photographies envoy\u00e9es et autorisent en cas de s\u00e9lection en tant que nomin\u00e9s, la repr\u00e9sentation gratuite de leurs \u0153uvres dans le cadre de ce concours et de la PdA ainsi que de la promotion de ceux-ci dans les ann\u00e9es \u00e0 venir.<br>Les photographes devront s\u2019assurer de l\u2019accord \u00e9crit des personnes photographi\u00e9es lorsque leur photo peut mettre en cause le droit des personnes sur leur image.<\/p>\n\n\n\n<p><strong>ENVOI DES PHOTOS<\/strong><br><strong>Article 7<\/strong><br>Les photos pr\u00e9sent\u00e9es au concours seront obligatoirement et uniquement envoy\u00e9es sous format digital par le biais du site https:\/\/promenadedesartistes.be\/:<br>\u2022 Format JPEG (.jpg, .jpeg, .png)<br>\u2022 entre 1500 et 3500 pixels pour le c\u00f4t\u00e9 le plus long. Les formats carr\u00e9s, panoramiques sont accept\u00e9s.<br>\u2022 Aucune bordure, filigrane ou signature ne doit appara\u00eetre.<br>\u2022 Pas de compression JPEG.<br>\u2022 Chaque photo devra \u00eatre accompagn\u00e9e d\u2019un descriptif d\u00e9taill\u00e9. Des tirages de qualit\u00e9 par un labo professionnel (Adventures Art &amp; Edition de Chastre) sur la base des fichiers envoy\u00e9s par les participants seront r\u00e9alis\u00e9s pour les besoins de l\u2019exposition du concours ; une attention toute particuli\u00e8re devra donc \u00eatre apport\u00e9e par le participant \u00e0 la finalisation de ses images. Toute \u0153uvre non conforme \u00e0 ces donn\u00e9es et ces dimensions sera hors concours de facto. Chaque participant pourra pr\u00e9senter au maximum 4 photographies.<br>En cas de question sur les informations techniques veuillez adresser un mail \u00e0 info@adventures-art.be<\/p>\n\n\n\n<p><strong>Article 8<\/strong><br>Envoi \u00e0 partir du 7 septembre 2024 \u00e0 20h00. La date limite d\u2019envoi : 22 septembre 2024 \u00e0 minuit. Les candidats feront parvenir \u00e0 leurs frais et risques leurs fichiers informatiques, par le biais d\u2019un site de t\u00e9l\u00e9chargement dont l\u2019acc\u00e8s sera r\u00e9serv\u00e9 aux participants. Les photos correctement t\u00e9l\u00e9charg\u00e9es seront visibles pour le participant et un mail de confirmation sera envoy\u00e9 \u00e0 l\u2019adresse mail fournie. V\u00e9rifiez votre bo\u00eete \u00ab spam \u00bb au besoin. En cas de probl\u00e8me technique persistant lors du chargement veuillez adresser un mail \u00e0 Henry@brousmiche.net<\/p>\n\n\n\n<p><strong>Article 9 &#8211; Description et contr\u00f4le des images<\/strong><br>Un descriptif des conditions de prise de vue doit accompagner chaque photo pr\u00e9sent\u00e9e au concours. Les informations de la l\u00e9gende doivent \u00eatre compl\u00e8tes et exactes et comprendre les \u00e9l\u00e9ments suivants :<br>\u2022 Description de la prise de vue : date et heure, lieu exact<br>\u2022 Informations techniques : appareil photo (smartphone), objectif, ouverture, vitesse d\u2019obturation, utilisation du flash ou d\u2019autres \u00e9quipements sp\u00e9cifiques, sensibilit\u00e9 ;<br>\u2022 Tout traitement d\u2019image autre que les profils d\u2019objectifs, la temp\u00e9rature de couleur, la suppression de poussi\u00e8res, la saturation globale et locale, les modifications de l\u2019exposition, le renforcement de la nettet\u00e9 et le recadrage. Une image non accompagn\u00e9e des \u00e9l\u00e9ments pr\u00e9cit\u00e9s sera exclue. D\u00e8s la fin des d\u00e9lib\u00e9rations du jury, le fichier RAW ou natifs et \u00e9ventuellement les infos compl\u00e9mentaires des photos retenues pourraient \u00eatre r\u00e9clam\u00e9es aux photographes laur\u00e9ats. Ces fichiers RAW ou natifs devront \u00eatre fournis RAPIDEMENT par retour de mail. Une photo retenue par le jury pour laquelle le fichier RAW ou natif ne serait pas envoy\u00e9 ne pourra rester dans la s\u00e9lection. Les RAW+JPEG des photographes finalistes seront analys\u00e9s et v\u00e9rifi\u00e9s. Les organisateurs du concours et le jury auront la possibilit\u00e9 de d\u00e9cider si la photo sera s\u00e9lectionn\u00e9e et incluse dans l\u2019exposition ou non.<\/p>\n\n\n\n<p><strong>Article 10 &#8211; Dommage de fichier<\/strong><br>Les organisateurs d\u00e9clinent toute responsabilit\u00e9 en cas de corruption des fichiers lors du t\u00e9l\u00e9chargement.<\/p>\n\n\n\n<p><strong>Article 11 &#8211; Composition du jury<\/strong><br>Le jury sera compos\u00e9 de 3 personnes minimum qui seront assist\u00e9es par l\u2019\u00e9quipe technique du concours.<\/p>\n\n\n\n<p><strong>Article 12 &#8211; Nomin\u00e9s<\/strong><br>Les photographes nomin\u00e9s et\/ou laur\u00e9ats seront pr\u00e9venus par courriel. Les photos laur\u00e9ates seront annonc\u00e9es officiellement sur le site et le profil Facebook de la PdA.<\/p>\n\n\n\n<p><strong>Article 13 &#8211; Disqualification<\/strong><br>Les d\u00e9cisions du jury sont sans appel. Le jury est tenu par un devoir de r\u00e9serve quant au contenu des d\u00e9lib\u00e9rations. Si, apr\u00e8s la remise des prix et ce sans limitation dans le temps, il s\u2019av\u00e8re qu\u2019une image nomin\u00e9e ou laur\u00e9ate d\u2019une cat\u00e9gorie ou d\u2019un prix n\u2019a pas respect\u00e9 un article du pr\u00e9sent r\u00e8glement, elle sera d\u00e9class\u00e9e officiellement.<\/p>\n\n\n\n<p><strong>LES PRIX<\/strong><br>Article 14 &#8211; Cat\u00e9gorie<br>Il sera remis des prix \u00e0 1 laur\u00e9at dans chaque cat\u00e9gorie:<br>\u2022 moins de 12 ans<br>\u2022 de 13 \u00e0 17 ans<br>\u2022 18 ans et plus<\/p>\n\n\n\n<p><strong>Article 14<\/strong><br>Les prix sont offerts par la PdA et par les sponsors du concours. L\u2019organisation se r\u00e9serve le droit d\u2019annoncer les prix sur le site web du concours. Chaque laur\u00e9at sera invit\u00e9 \u00e0 l\u2019occasion d\u2019un drink de remise des prix (date et lieux \u00e0 confirmer). Les laur\u00e9ats seront invit\u00e9s \u00e0 d\u00e9couvrir les r\u00e9sultats et \u00e0 retirer leurs prix lors de cette c\u00e9r\u00e9monie. Les lots non retir\u00e9s seront gard\u00e9s \u00e0 disposition chez Adventures Art &amp; Editions, 135a Route Provinciale \u00e0 1450 Chastre jusqu\u2019au 30 novembre 2024. Aucun lot ne sera envoy\u00e9.<\/p>\n\n\n\n<p><strong>Article 15 &#8211; Reproduction des \u0153uvres<\/strong><br>Tous les laur\u00e9ats autorisent gracieusement les organisateurs du concours \u00e0 reproduire leurs \u0153uvres pour les n\u00e9cessit\u00e9s de l\u2019exposition, de la promotion du concours et de la PdA. Il est envisag\u00e9 de publier les photos laur\u00e9ates dans le magazine \u201cBien Vivre \u00e0 Chastre\u201d et sur le site de la PdA.<\/p>\n\n\n\n<p><strong>Article 16 &#8211; R\u00e9clamations<\/strong><br>La participation \u00e0 ce concours implique le plein accord des concurrents sur l\u2019acceptation du pr\u00e9sent r\u00e8glement, sans possibilit\u00e9 de r\u00e9clamation quant aux r\u00e9sultats. Par ailleurs, ils devront s\u2019assurer de l\u2019accord \u00e9crit des personnes photographi\u00e9es lorsque leur photo peut mettre en cause le droit des personnes sur leur image. Les prix ne sont pas \u00e9changeables. Les prix non r\u00e9clam\u00e9s au 31 novembre 2024 pourront \u00eatre remis en jeu pour le concours suivant.<\/p>\n\n\n\n<p><strong>Article 20 \u2013 Modification ou annulation<\/strong><br>L\u2019organisateur ne pourra \u00eatre tenu responsable si, par suite d\u2019un cas de force majeure ou de toute cause ind\u00e9pendante de sa volont\u00e9, des changements de dates intervenaient ou m\u00eame si le concours \u00e9tait modifi\u00e9 ou purement et simplement annul\u00e9.<\/p>\n","protected":false},"excerpt":{"rendered":"<p>La PdA et la motivation du concours.La Promenade des Artistes de Chastre est organis\u00e9e par&#8230;<\/p>\n","protected":false},"author":1,"featured_media":0,"parent":0,"menu_order":0,"comment_status":"closed","ping_status":"closed","template":"","meta":{"footnotes":""},"class_list":["post-3806","page","type-page","status-publish","hentry"],"_links":{"self":[{"href":"https:\/\/promenadedesartistes.be\/index.php?rest_route=\/wp\/v2\/pages\/3806","targetHints":{"allow":["GET"]}}],"collection":[{"href":"https:\/\/promenadedesartistes.be\/index.php?rest_route=\/wp\/v2\/pages"}],"about":[{"href":"https:\/\/promenadedesartistes.be\/index.php?rest_route=\/wp\/v2\/types\/page"}],"author":[{"embeddable":true,"href":"https:\/\/promenadedesartistes.be\/index.php?rest_route=\/wp\/v2\/users\/1"}],"replies":[{"embeddable":true,"href":"https:\/\/promenadedesartistes.be\/index.php?rest_route=%2Fwp%2Fv2%2Fcomments&post=3806"}],"version-history":[{"count":3,"href":"https:\/\/promenadedesartistes.be\/index.php?rest_route=\/wp\/v2\/pages\/3806\/revisions"}],"predecessor-version":[{"id":4175,"href":"https:\/\/promenadedesartistes.be\/index.php?rest_route=\/wp\/v2\/pages\/3806\/revisions\/4175"}],"wp:attachment":[{"href":"https:\/\/promenadedesartistes.be\/index.php?rest_route=%2Fwp%2Fv2%2Fmedia&parent=3806"}],"curies":[{"name":"wp","href":"https:\/\/api.w.org\/{rel}","templated":true}]}}