{"id":8,"date":"2014-10-11T15:35:03","date_gmt":"2014-10-11T14:35:03","guid":{"rendered":"https:\/\/promenadedesartistes.be\/?page_id=8"},"modified":"2026-03-29T22:57:23","modified_gmt":"2026-03-29T21:57:23","slug":"news","status":"publish","type":"page","link":"https:\/\/promenadedesartistes.be\/","title":{"rendered":""},"content":{"rendered":"\n<!-- <figure class=\"wp-block-embed is-type-video is-provider-youtube wp-block-embed-youtube wp-embed-aspect-16-9 wp-has-aspect-ratio\"><div class=\"wp-block-embed__wrapper\">\nhttps:\/\/youtu.be\/vXLFXzdrnOY\n<\/div><\/figure> -->\n\n\n<figure class=\"wp-block-embed is-type-video is-provider-youtube wp-block-embed-youtube wp-embed-aspect-16-9 wp-has-aspect-ratio\" style=\"text-align: center;\"><iframe loading=\"lazy\" width=\"560\" height=\"315\" src=\"https:\/\/www.youtube.com\/embed\/vXLFXzdrnOY?si=6UtN_mprEctUlT0j?rel=0\" title=\"YouTube video player\" frameborder=\"0\" allow=\"accelerometer; autoplay; clipboard-write; encrypted-media; gyroscope; picture-in-picture; web-share\" referrerpolicy=\"strict-origin-when-cross-origin\" allowfullscreen><\/iframe><\/figure>\n\n\n<p><\/p>\n\n\n\n<p><\/p>\n\n\n<h5 style=\"text-align: center;\"><span style=\"color: #999999;\">La Promenade des Artistes de Chastre <\/span><span style=\"color: #999999;\">est un parcours d&#8217;artistes <br \/>organis\u00e9 par l\u2019ASBL\u00a0 <\/span><span style=\"color: #999999;\">\u00abMusique et Culture en Roman Pa\u00efs \u00bb;\u00a0<br \/><\/span><span style=\"color: #999999;\">une ASBL compos\u00e9e de b\u00e9n\u00e9voles.<\/span><\/h5>\n<h5 class=\"wp-block-heading has-text-align-center\" style=\"line-height: 24px; text-align: center;\"><span style=\"color: #999999;\">Elle a lieu tous les deux ans dans les sept villages de Chastre depuis 1990.<\/span><\/h5>\n<h5 class=\"wp-block-heading has-text-align-center\" style=\"line-height: 24px; text-align: center;\"><span style=\"color: #999999;\">Cette ann\u00e9e encore, elle pr\u00e9sente +\/- 150 artistes locaux et invit\u00e9s. <\/span><br \/><span style=\"color: #999999;\">Ils exposent majoritairement chez des particuliers (+\/- 50 lieux) <\/span><br \/><span style=\"color: #999999;\">qui vous ouvrent leur porte les 5 et 6 septembre prochains. <\/span><br \/><span style=\"color: #999999;\">Un grand merci \u00e0 tous les intervenants!<\/span><\/h5>\n\n\n<p class=\"has-text-align-center\"><\/p>\n\n\n\n<p><\/p>\n\n\n\n<p><\/p>\n\n\n\n<p><\/p>\n","protected":false},"excerpt":{"rendered":"<p>La Promenade des Artistes de Chastre est un parcours d&#8217;artistes organis\u00e9 par l\u2019ASBL\u00a0 \u00abMusique et&#8230;<\/p>\n","protected":false},"author":1,"featured_media":0,"parent":0,"menu_order":0,"comment_status":"closed","ping_status":"closed","template":"","meta":{"footnotes":""},"class_list":["post-8","page","type-page","status-publish","hentry"],"_links":{"self":[{"href":"https:\/\/promenadedesartistes.be\/index.php?rest_route=\/wp\/v2\/pages\/8","targetHints":{"allow":["GET"]}}],"collection":[{"href":"https:\/\/promenadedesartistes.be\/index.php?rest_route=\/wp\/v2\/pages"}],"about":[{"href":"https:\/\/promenadedesartistes.be\/index.php?rest_route=\/wp\/v2\/types\/page"}],"author":[{"embeddable":true,"href":"https:\/\/promenadedesartistes.be\/index.php?rest_route=\/wp\/v2\/users\/1"}],"replies":[{"embeddable":true,"href":"https:\/\/promenadedesartistes.be\/index.php?rest_route=%2Fwp%2Fv2%2Fcomments&post=8"}],"version-history":[{"count":174,"href":"https:\/\/promenadedesartistes.be\/index.php?rest_route=\/wp\/v2\/pages\/8\/revisions"}],"predecessor-version":[{"id":4322,"href":"https:\/\/promenadedesartistes.be\/index.php?rest_route=\/wp\/v2\/pages\/8\/revisions\/4322"}],"wp:attachment":[{"href":"https:\/\/promenadedesartistes.be\/index.php?rest_route=%2Fwp%2Fv2%2Fmedia&parent=8"}],"curies":[{"name":"wp","href":"https:\/\/api.w.org\/{rel}","templated":true}]}}